{"id":4656,"date":"2021-06-18T19:39:51","date_gmt":"2021-06-18T18:39:51","guid":{"rendered":"https:\/\/logementdespaerpot.nl\/allgemeine-bedingungen-und-konditionen\/"},"modified":"2021-06-18T20:53:44","modified_gmt":"2021-06-18T19:53:44","slug":"allgemeine-bedingungen-und-konditionen","status":"publish","type":"page","link":"https:\/\/logementdespaerpot.nl\/de\/allgemeine-bedingungen-und-konditionen\/","title":{"rendered":"Allgemeine Bedingungen und Konditionen"},"content":{"rendered":"\t\t<div data-elementor-type=\"wp-page\" data-elementor-id=\"4656\" class=\"elementor elementor-4656 elementor-2354\" data-elementor-post-type=\"page\">\n\t\t\t\t\t\t<section class=\"elementor-section elementor-top-section elementor-element elementor-element-196abbe7 elementor-section-boxed elementor-section-height-default elementor-section-height-default\" data-id=\"196abbe7\" data-element_type=\"section\" data-e-type=\"section\" data-settings=\"{&quot;background_background&quot;:&quot;classic&quot;}\">\n\t\t\t\t\t\t<div class=\"elementor-container elementor-column-gap-default\">\n\t\t\t\t\t<div class=\"elementor-column elementor-col-100 elementor-top-column elementor-element elementor-element-5dfd88ae\" data-id=\"5dfd88ae\" data-element_type=\"column\" data-e-type=\"column\">\n\t\t\t<div class=\"elementor-widget-wrap elementor-element-populated\">\n\t\t\t\t\t\t<section class=\"elementor-section elementor-inner-section elementor-element elementor-element-58037e05 elementor-section-boxed elementor-section-height-default elementor-section-height-default\" data-id=\"58037e05\" data-element_type=\"section\" data-e-type=\"section\">\n\t\t\t\t\t\t<div class=\"elementor-container elementor-column-gap-default\">\n\t\t\t\t\t<div class=\"elementor-column elementor-col-100 elementor-inner-column elementor-element elementor-element-47232d5\" data-id=\"47232d5\" data-element_type=\"column\" data-e-type=\"column\" data-settings=\"{&quot;background_background&quot;:&quot;classic&quot;}\">\n\t\t\t<div class=\"elementor-widget-wrap elementor-element-populated\">\n\t\t\t\t\t\t<div class=\"elementor-element elementor-element-721e58db elementor-widget elementor-widget-heading\" data-id=\"721e58db\" data-element_type=\"widget\" data-e-type=\"widget\" data-widget_type=\"heading.default\">\n\t\t\t\t<div class=\"elementor-widget-container\">\n\t\t\t\t\t<h2 class=\"elementor-heading-title elementor-size-default\">Unsere Allgemeinen Gesch\u00e4ftsbedingungen<\/h2>\t\t\t\t<\/div>\n\t\t\t\t<\/div>\n\t\t\t\t<div class=\"elementor-element elementor-element-6ae16ece elementor-widget elementor-widget-text-editor\" data-id=\"6ae16ece\" data-element_type=\"widget\" data-e-type=\"widget\" data-widget_type=\"text-editor.default\">\n\t\t\t\t<div class=\"elementor-widget-container\">\n\t\t\t\t\t\t\t\t\t<p>Es sind keine allgemeinen Bedingungen auf unserer Website verf\u00fcgbar. Bitte senden Sie uns hier\u00fcber eine E-Mail.<\/p>\n\t\t\t\t\t\t\t\t<\/div>\n\t\t\t\t<\/div>\n\t\t\t\t\t<\/div>\n\t\t<\/div>\n\t\t\t\t\t<\/div>\n\t\t<\/section>\n\t\t\t\t\t<\/div>\n\t\t<\/div>\n\t\t\t\t\t<\/div>\n\t\t<\/section>\n\t\t\t\t<\/div>\n\t\t","protected":false},"excerpt":{"rendered":"<p>Unsere Allgemeinen Gesch\u00e4ftsbedingungen Es sind keine allgemeinen Bedingungen auf unserer Website verf\u00fcgbar. Bitte senden Sie uns hier\u00fcber eine E-Mail.<\/p>\n","protected":false},"author":7,"featured_media":0,"parent":0,"menu_order":0,"comment_status":"closed","ping_status":"closed","template":"","meta":{"footnotes":""},"class_list":["post-4656","page","type-page","status-publish","hentry"],"_links":{"self":[{"href":"https:\/\/logementdespaerpot.nl\/de\/wp-json\/wp\/v2\/pages\/4656","targetHints":{"allow":["GET"]}}],"collection":[{"href":"https:\/\/logementdespaerpot.nl\/de\/wp-json\/wp\/v2\/pages"}],"about":[{"href":"https:\/\/logementdespaerpot.nl\/de\/wp-json\/wp\/v2\/types\/page"}],"author":[{"embeddable":true,"href":"https:\/\/logementdespaerpot.nl\/de\/wp-json\/wp\/v2\/users\/7"}],"replies":[{"embeddable":true,"href":"https:\/\/logementdespaerpot.nl\/de\/wp-json\/wp\/v2\/comments?post=4656"}],"version-history":[{"count":5,"href":"https:\/\/logementdespaerpot.nl\/de\/wp-json\/wp\/v2\/pages\/4656\/revisions"}],"predecessor-version":[{"id":4677,"href":"https:\/\/logementdespaerpot.nl\/de\/wp-json\/wp\/v2\/pages\/4656\/revisions\/4677"}],"wp:attachment":[{"href":"https:\/\/logementdespaerpot.nl\/de\/wp-json\/wp\/v2\/media?parent=4656"}],"curies":[{"name":"wp","href":"https:\/\/api.w.org\/{rel}","templated":true}]}}